{"id":3241,"date":"2025-02-03T21:49:19","date_gmt":"2025-02-03T21:49:19","guid":{"rendered":"https:\/\/estosmarke1stg.wpenginepowered.com\/imprint\/"},"modified":"2025-09-17T08:52:00","modified_gmt":"2025-09-17T06:52:00","slug":"imprint","status":"publish","type":"page","link":"https:\/\/www.estos.de\/en\/imprint\/","title":{"rendered":"Imprint"},"content":{"rendered":"\t\t<div data-elementor-type=\"wp-page\" data-elementor-id=\"3241\" class=\"elementor elementor-3241 elementor-72\" data-elementor-post-type=\"page\">\n\t\t\t\t<div class=\"elementor-element elementor-element-1dd4394f e-flex e-con-boxed e-con e-parent\" data-id=\"1dd4394f\" data-element_type=\"container\">\n\t\t\t\t\t<div class=\"e-con-inner\">\n\t\t\t\t<div class=\"elementor-element elementor-element-64ba4b46 elementor-widget elementor-widget-text-editor\" data-id=\"64ba4b46\" data-element_type=\"widget\" data-widget_type=\"text-editor.default\">\n\t\t\t\t\t\t\t\t\t<p><strong>estos GmbH<br><\/strong>A Gamma company<\/p><p>Petersbrunner Str. 13<br>82319 Starnberg, Germany<\/p><p>Phone: +49 (8151) 36856-0<br>Fax: +49 (8151) 36856-199<\/p><p>E-mail: <a href=\"mailto:info@estos.de\">info@estos.de<\/a><\/p><p>Managing Directors: Gerben Wijbenga | Florian Buzin | Dr. Alexander Seyferth | Christoph Scheuermann | Thomas Wei\u00df<\/p><p><strong>Commercial register<\/strong><\/p><p>Munich Local Court HRB 133 670<\/p><p>VAT ID No. DE 813 079 461<\/p><p><strong>Trademarks &amp; Trademarks<\/strong><\/p><p>The products, product names and logos mentioned are brands, registered trademarks or the property of the respective manufacturers. Microsoft Teams, Microsoft Dynamics, Microsoft Office and Microsoft 365 are trademarks of the Microsoft group of companies. SAP\u00ae, SAP\u00ae R\/3\u00ae are trademarks or registered trademarks of SAP SE or its subsidiaries in Germany and other countries.  <\/p><p><strong>Disclaimer<\/strong><\/p><p>Despite careful control of the content, we assume no liability for the content of external links. The operators of the linked pages are solely responsible for their content. <\/p><p><strong>Information for consumers in accordance with Regulation (EU) No. 524\/2013<\/strong><\/p><p>The EU Commission provides a platform for out-of-court dispute resolution. This gives consumers the opportunity to resolve disputes in connection with their online order without the intervention of a court. The dispute resolution platform can be accessed via the external link <a href=\"https:\/\/ec.europa.eu\/consumers\/odr\/\">https:\/\/ec.europa.eu\/consumers\/odr\/<\/a>. We are not obliged or willing to participate in a dispute resolution procedure before a consumer arbitration board.   <\/p><p><strong>Information for whistleblowers<\/strong><\/p><p>Norman H\u00f6hling | Attorney at Law<br>Kanzlei H\u00f6hling | Max-Planck-Stra\u00dfe 3<br>12489 Berlin | <a href=\"https:\/\/www.kanzlei-hoehling.de\">www.kanzlei-hoehling.de<\/a><br>E-Mail: <a href=\"mailto:n.hoehling@kanzlei-hoehling.de\">n.hoehling@kanzlei-hoehling.de<\/a><br>Tel: <a href=\"tel:+49%2030%206392%201044\">+49 30 6392 1044<\/a><\/p>\t\t\t\t\t\t\t\t<\/div>\n\t\t\t\t\t<\/div>\n\t\t\t\t<\/div>\n\t\t\t\t<\/div>\n\t\t","protected":false},"excerpt":{"rendered":"<p>estos GmbHA Gamma company Petersbrunner Str. 1382319 Starnberg, Germany Phone: +49 (8151) 36856-0Fax: +49 (8151) 36856-199 E-mail: info@estos.de Managing Directors: Gerben Wijbenga | Florian Buzin | Dr. Alexander Seyferth | Christoph Scheuermann | Thomas Wei\u00df Commercial register Munich Local Court HRB 133 670 VAT ID No. DE 813 079 461 Trademarks &amp; Trademarks The products, [&hellip;]<\/p>\n","protected":false},"author":4,"featured_media":0,"parent":0,"menu_order":22,"comment_status":"closed","ping_status":"closed","template":"","meta":{"_acf_changed":false,"_seopress_robots_primary_cat":"","_seopress_titles_title":"","_seopress_titles_desc":"","_seopress_robots_index":"yes","footnotes":""},"class_list":["post-3241","page","type-page","status-publish"],"acf":[],"featured_image_src":null,"featured_image_src_square":null,"_links":{"self":[{"href":"https:\/\/www.estos.de\/en\/wp-json\/wp\/v2\/pages\/3241","targetHints":{"allow":["GET"]}}],"collection":[{"href":"https:\/\/www.estos.de\/en\/wp-json\/wp\/v2\/pages"}],"about":[{"href":"https:\/\/www.estos.de\/en\/wp-json\/wp\/v2\/types\/page"}],"author":[{"embeddable":true,"href":"https:\/\/www.estos.de\/en\/wp-json\/wp\/v2\/users\/4"}],"replies":[{"embeddable":true,"href":"https:\/\/www.estos.de\/en\/wp-json\/wp\/v2\/comments?post=3241"}],"version-history":[{"count":0,"href":"https:\/\/www.estos.de\/en\/wp-json\/wp\/v2\/pages\/3241\/revisions"}],"wp:attachment":[{"href":"https:\/\/www.estos.de\/en\/wp-json\/wp\/v2\/media?parent=3241"}],"curies":[{"name":"wp","href":"https:\/\/api.w.org\/{rel}","templated":true}]}}